{"id":2667,"date":"2024-01-06T17:35:03","date_gmt":"2024-01-06T17:35:03","guid":{"rendered":"https:\/\/wordpress.validthemes.net\/agrica\/?page_id=2667"},"modified":"2025-12-25T16:02:23","modified_gmt":"2025-12-25T13:02:23","slug":"iletisim","status":"publish","type":"page","link":"https:\/\/dutpinar.com\/zh\/iletisim\/","title":{"rendered":"\u901a\u4fe1"},"content":{"rendered":"<div data-elementor-type=\"wp-page\" data-elementor-id=\"2667\" class=\"elementor elementor-2667\" data-elementor-post-type=\"page\">\n\t\t\t\t<div class=\"elementor-element elementor-element-2a99bd8 e-con-full contact-page e-flex e-con e-parent\" data-id=\"2a99bd8\" data-element_type=\"container\" data-settings=\"{&quot;background_background&quot;:&quot;classic&quot;}\">\n\t\t\t\t<div class=\"elementor-element elementor-element-f68da24 ilesaytelefonozel elementor-widget elementor-widget-agricacontactinfo\" data-id=\"f68da24\" data-element_type=\"widget\" data-widget_type=\"agricacontactinfo.default\">\n\t\t\t\t<div class=\"elementor-widget-container\">\n\t\t\t\t\t<div class=\"contact-area overflow-hidden default-padding\"><div class=\"sahpe-right-bottom\"><img decoding=\"async\" src=\"https:\/\/wordpress.validthemes.net\/agrica\/wp-content\/uploads\/2024\/01\/16.png\" alt=\"Image Not Found\"><\/div><div class=\"container\"><div class=\"row align-center\"><div class=\"col-tact-stye-one col-xl-6 col-lg-7\"><div class=\"contact-form-style-one mb-md-50\"><img decoding=\"async\" src=\"https:\/\/wordpress.validthemes.net\/agrica\/wp-content\/uploads\/2024\/01\/10-2.png\" alt=\"Image Not Found\"><h5 class=\"sub-title\">\u4f60\u6709\u95ee\u9898\u5417\uff1f\n<\/h5> <h2 class=\"heading\">\u63a5\u89e6\u7684\u5f62\u5f0f<\/h2>\n<div class=\"wpcf7 no-js\" id=\"wpcf7-f3982-o1\" lang=\"tr-TR\" dir=\"ltr\" data-wpcf7-id=\"3982\">\n<div class=\"screen-reader-response\"><p role=\"status\" aria-live=\"polite\" aria-atomic=\"true\"><\/p> <ul><\/ul><\/div>\n<form action=\"\/zh\/wp-json\/wp\/v2\/pages\/2667#wpcf7-f3982-o1\" method=\"post\" class=\"wpcf7-form init\" aria-label=\"\u63a5\u89e6\u7684\u5f62\u5f0f\" novalidate=\"novalidate\" data-status=\"init\" data-trp-original-action=\"\/zh\/wp-json\/wp\/v2\/pages\/2667#wpcf7-f3982-o1\">\n<fieldset class=\"hidden-fields-container\"><input type=\"hidden\" name=\"_wpcf7\" value=\"3982\" \/><input type=\"hidden\" name=\"_wpcf7_version\" value=\"6.1.5\" \/><input type=\"hidden\" name=\"_wpcf7_locale\" value=\"tr_TR\" \/><input type=\"hidden\" name=\"_wpcf7_unit_tag\" value=\"wpcf7-f3982-o1\" \/><input type=\"hidden\" name=\"_wpcf7_container_post\" value=\"0\" \/><input type=\"hidden\" name=\"_wpcf7_posted_data_hash\" value=\"\" \/>\n<\/fieldset>\n<div  class=\"contact-form contact-form\">\n\t<div class=\"row\">\n\t\t<div class=\"col-lg-12\">\n\t\t\t<div class=\"form-group\">\n\t\t\t\t<p><span class=\"wpcf7-form-control-wrap\" data-name=\"text-903\"><input size=\"40\" maxlength=\"400\" class=\"wpcf7-form-control wpcf7-text wpcf7-validates-as-required form-control\" id=\"text-903\" aria-required=\"true\" aria-invalid=\"false\" placeholder=\"\u540d\u5b57*\" value=\"\" type=\"text\" name=\"text-903\" \/><\/span>\n\t\t\t\t<\/p>\n\t\t\t<\/div>\n\t\t<\/div>\n\t<\/div>\n\t<div class=\"row\">\n\t\t<div class=\"col-lg-6\">\n\t\t\t<div class=\"form-group\">\n\t\t\t\t<p><span class=\"wpcf7-form-control-wrap\" data-name=\"email-58\"><input size=\"40\" maxlength=\"400\" class=\"wpcf7-form-control wpcf7-email wpcf7-validates-as-required wpcf7-text wpcf7-validates-as-email form-control\" id=\"email-58\" aria-required=\"true\" aria-invalid=\"false\" placeholder=\"\u7535\u5b50\u90ae\u4ef6*\" value=\"\" type=\"email\" name=\"email-58\" \/><\/span>\n\t\t\t\t<\/p>\n\t\t\t<\/div>\n\t\t<\/div>\n\t\t<div class=\"col-lg-6\">\n\t\t\t<div class=\"form-group\">\n\t\t\t\t<p><span class=\"wpcf7-form-control-wrap\" data-name=\"text-238\"><input size=\"40\" maxlength=\"400\" class=\"wpcf7-form-control wpcf7-text wpcf7-validates-as-required form-control\" id=\"text-238\" aria-required=\"true\" aria-invalid=\"false\" placeholder=\"\u7535\u8bdd*\" value=\"\" type=\"text\" name=\"text-238\" \/><\/span>\n\t\t\t\t<\/p>\n\t\t\t<\/div>\n\t\t<\/div>\n\t<\/div>\n\t<div class=\"row\">\n\t\t<div class=\"col-lg-12\">\n\t\t\t<div class=\"form-group comments\">\n\t\t\t\t<p><span class=\"wpcf7-form-control-wrap\" data-name=\"textarea-630\"><textarea cols=\"40\" rows=\"10\" maxlength=\"2000\" class=\"wpcf7-form-control wpcf7-textarea wpcf7-validates-as-required form-control\" id=\"textarea-630\" aria-required=\"true\" aria-invalid=\"false\" placeholder=\"\u4f60\u7684\u6d88\u606f*\" name=\"textarea-630\"><\/textarea><\/span>\n\t\t\t\t<\/p>\n\t\t\t<\/div>\n\t\t<\/div>\n\t<\/div>\n\t<div class=\"row\">\n\t\t<div class=\"col-lg-12\">\n\t\t\t<p><button type=\"submit\" name=\"submit\" id=\"submit\" class=\"wpcf7\"><i class=\"fa fa-paper-plane\"><\/i> \u53d1\u9001<\/button>\n\t\t\t<\/p>\n\t\t<\/div>\n\t<\/div>\n <!-- Alert Message -->\n\t<div class=\"col-lg-12 alert-notification\">\n\t\t<div id=\"message\" class=\"alert-msg\">\n\t\t<\/div>\n\t<\/div>\n<\/div><div class=\"wpcf7-response-output\" aria-hidden=\"true\"><\/div>\n<input type=\"hidden\" name=\"trp-form-language\" value=\"zh\"\/><\/form>\n<\/div>\n<\/div><\/div><div class=\"col-tact-stye-one col-xl-5 offset-xl-1 col-lg-5\"><div class=\"contact-style-one-info text-light\"><h2>\u901a\u4fe1  <span> \u7684\u4fe1\u606f<\/span><\/h2><p>\u5982\u679c\u4f60\u6709\u95ee\u9898\u6216\u5e0c\u671b\u6211\u4eec\u7684\u4ea7\u54c1\u4fe1\u606f\uff0c\u8bf7\u60a8\u53ef\u4ee5\u6253\u7535\u8bdd\u7ed9\u6211\u4eec\u6beb\u4e0d\u72b9\u8c6b\u3002<\/p><ul><li><div class=\"content\"><h5 class=\"title\">\u7535\u8bdd<\/h5><a href=\"tel:+904222440140\">+90 422 244 01 40<\/a><\/div><\/li><li><div class=\"info\"><h5 class=\"title\">\u5730\u5740<\/h5><p>2. \u677f,11. CAD No:6Ye\u015filyurt\/\u9a6c\u62c9\u3001\u571f\u8033\u5176<\/p><\/div><\/li><li><div class=\"info\"><h5 class=\"title\">\u7535\u5b50\u90ae\u4ef6<\/h5><a href=\"mailto:info@dutpinar.com\">info@dutpinar.com<\/a><\/div><\/li><\/ul><\/div><\/div><\/div><\/div><\/div>\t\t\t\t<\/div>\n\t\t\t\t<\/div>\n\t\t\t\t<\/div>\n\t\t<div class=\"elementor-element elementor-element-3ae0904 e-con-full e-flex e-con e-parent\" data-id=\"3ae0904\" data-element_type=\"container\">\n\t\t\t\t<div class=\"elementor-element elementor-element-78a821b elementor-widget elementor-widget-html\" data-id=\"78a821b\" data-element_type=\"widget\" data-widget_type=\"html.default\">\n\t\t\t\t\t<iframe src=\"https:\/\/www.google.com\/maps\/embed?pb=!1m14!1m8!1m3!1d2630.2484253270336!2d38.18402687630488!3d38.37420013698341!3m2!1i1024!2i768!4f13.1!3m3!1m2!1s0x407636ac1e9d3d91%3A0xa8e0f1e996444055!2zRHV0cMSxbmFyIEfEsWRhIFRpYy5TYW4uTHRkLsWedGku!5e0!3m2!1str!2sus!4v1756488840636!5m2!1str!2sus\" width=\"100%\" height=\"500\" style=\"border:0;\" allowfullscreen=\"\" loading=\"lazy\" referrerpolicy=\"no-referrer-when-downgrade\"><\/iframe>\t\t\t\t<\/div>\n\t\t\t\t<\/div>\n\t\t\t\t<\/div>","protected":false},"excerpt":{"rendered":"<p>Sorular\u0131n\u0131z m\u0131 var? \u0130leti\u015fim Formu G\u00f6nder \u0130leti\u015fim Bilgileri Bir sorun ya\u015fad\u0131\u011f\u0131n\u0131zda veya \u00fcr\u00fcnlerimiz hakk\u0131nda bilgi almak istedi\u011finizde, \u00e7ekinmeden bizi arayabilirsiniz. Telefon +90 422 244 01 40 Adres 2. OSB, 11. Cad No: 6 Ye\u015filyurt\/Malatya, T\u00fcrkiye E-posta info@dutpinar.com<\/p>","protected":false},"author":1,"featured_media":0,"parent":0,"menu_order":0,"comment_status":"closed","ping_status":"closed","template":"template-builder.php","meta":{"pgc_sgb_lightbox_settings":"","_joinchat":[],"footnotes":""},"class_list":["post-2667","page","type-page","status-publish","hentry"],"_links":{"self":[{"href":"https:\/\/dutpinar.com\/zh\/wp-json\/wp\/v2\/pages\/2667","targetHints":{"allow":["GET"]}}],"collection":[{"href":"https:\/\/dutpinar.com\/zh\/wp-json\/wp\/v2\/pages"}],"about":[{"href":"https:\/\/dutpinar.com\/zh\/wp-json\/wp\/v2\/types\/page"}],"author":[{"embeddable":true,"href":"https:\/\/dutpinar.com\/zh\/wp-json\/wp\/v2\/users\/1"}],"replies":[{"embeddable":true,"href":"https:\/\/dutpinar.com\/zh\/wp-json\/wp\/v2\/comments?post=2667"}],"version-history":[{"count":29,"href":"https:\/\/dutpinar.com\/zh\/wp-json\/wp\/v2\/pages\/2667\/revisions"}],"predecessor-version":[{"id":3985,"href":"https:\/\/dutpinar.com\/zh\/wp-json\/wp\/v2\/pages\/2667\/revisions\/3985"}],"wp:attachment":[{"href":"https:\/\/dutpinar.com\/zh\/wp-json\/wp\/v2\/media?parent=2667"}],"curies":[{"name":"wp","href":"https:\/\/api.w.org\/{rel}","templated":true}]}}