{"id":2659,"date":"2024-01-06T17:27:51","date_gmt":"2024-01-06T17:27:51","guid":{"rendered":"https:\/\/wordpress.validthemes.net\/agrica\/?page_id=2659"},"modified":"2025-08-30T22:18:38","modified_gmt":"2025-08-30T19:18:38","slug":"hakkimizda","status":"publish","type":"page","link":"https:\/\/dutpinar.com\/zh\/hakkimizda\/","title":{"rendered":"\u5173\u4e8e\u6211\u4eec"},"content":{"rendered":"<div data-elementor-type=\"wp-page\" data-elementor-id=\"2659\" class=\"elementor elementor-2659\" data-elementor-post-type=\"page\">\n\t\t\t\t<div class=\"elementor-element elementor-element-1b23040 e-con-full e-flex e-con e-parent\" data-id=\"1b23040\" data-element_type=\"container\">\n\t\t\t\t<div class=\"elementor-element elementor-element-52ef5b9 elementor-widget elementor-widget-agricaaboutus\" data-id=\"52ef5b9\" data-element_type=\"widget\" data-widget_type=\"agricaaboutus.default\">\n\t\t\t\t<div class=\"elementor-widget-container\">\n\t\t\t\t\t<div class=\"about-style-one-area default-padding overflow-hidden\"><div class=\"container\"><div class=\"row align-center\"><div class=\"col-xl-6 col-lg-5\"><div class=\"about-style-one-thumb\"><img decoding=\"async\" src=\"https:\/\/dutpinar.com\/wp-content\/uploads\/2025\/08\/454635456789.jpg\" alt=\"Dutp\u0131nar\"  \/><div class=\"animation-shape\"><img decoding=\"async\" src=\"https:\/\/wordpress.validthemes.net\/agrica\/wp-content\/uploads\/2024\/01\/1.png\" alt=\"Dutp\u0131nar\"  \/><\/div><\/div><\/div><div class=\"col-xl-5 offset-xl-1 col-lg-6 offset-lg-1\"><div class=\"about-style-one-info\"><h2 class=\"vt-title title\">\u5173\u4e8e\u6211\u4eec<\/h2><p class=\"vt-desc\">Dutpinar\u98df\u54c1\uff0c\u6700\u6709\u4ef7\u503c\u7684\u8425\u517b\uff0c\u5927\u81ea\u7136\u7ed9\u6211\u4eec\u63d0\u4f9b\u5065\u5eb7\u548c\u53ef\u9760\u7684\u751f\u4ea7\u5728\u9a6c\u62c9\u4e8e2005\u5e74\u6210\u7acb\u4e00\u79cd\u65b0\u7684\u65b9\u6cd5\uff0c\u4ee5\u4fbf\u79fb\u52a8\u4f60\u7684\u8868\u3002 \u5f15\u8fdb\u73b0\u4ee3\u751f\u4ea7\u6280\u672f\u4e0e\u4f20\u7edf\u7684\u7f8e\u5473\u4f73\u80b4\u4ece\u7b2c\u4e00\u5929\uff0c\u6211\u4eec\u6210\u7acb\uff0c\u6211\u4eec\u7684\u533a\u57df\u503cmarkalastirmay\u6211\u4eec\u505a\u4e86\u6211\u4eec\u7684\u4f7f\u547d\u662f\u5b58\u5728\u4e8e\u4e00\u4e2a\u56fd\u5bb6\u7684\u89c4\u6a21\u548c\u5b83\u7684\u603b\u662f\u66f4\u597d\u7684\u4e00\u4e2a\u3002<\/p><div class=\"fun-fact-style-flex mt-35\"><div class=\"counter\"><div class=\"timer\" data-to=\"25\" data-speed=\"2000\">25<\/div><div class=\"operator\">M<\/div><\/div><span class=\"medium\">\u5e74\u5ea6\u751f\u4ea7\u7684 <br>\u80fd\u529b<\/span><\/div><ul class=\"top-feature\"><li><div class=\"icon\"><img decoding=\"async\" src=\"https:\/\/wordpress.validthemes.net\/agrica\/wp-content\/uploads\/2024\/01\/3.png\" alt=\"Dutp\u0131nar\"  \/><\/div><div class=\"info\"><h4 class=\"vt-f-title\">100%\u7ecf\u8fc7\u8ba4\u8bc1\u7684\u6709\u673a\u751f\u4ea7<\/h4><p class=\"vt-f-text\">\u6211\u4eec\u6240\u6709\u7684\u4ea7\u54c1\u90fd\u662f\u7eaf\u51c0\u7684\uff0c\u662f\u4ea7\u751f\u4e8e\u6839\u636e\u56fd\u9645\u98df\u7269\u6807\u51c6\uff1b\u81ea\u53d1\u6027\u3001\u4fe1\u4efb\u548c\u4fdd\u969c\uff0c\u7eaf\u6b63\u7684\u5473\u9053\u3002<\/p><\/div><\/li><li><div class=\"icon\"><img decoding=\"async\" src=\"https:\/\/wordpress.validthemes.net\/agrica\/wp-content\/uploads\/2024\/01\/2-1.png\" alt=\"Dutp\u0131nar\"  \/><\/div><div class=\"info\"><h4 class=\"vt-f-title\">\u4f18\u8d28\u7684\u725b\u5976\u548c\u8089\u7c7b\u4ea7\u54c1<\/h4><p class=\"vt-f-text\">\u725b\u5976\u548c\u5976\u5236\u54c1\u3001\u8089\u7c7b\u548c\u6211\u4eec\u7684\u6240\u6709\u4ea7\u54c1\u90fd\u4ea7\u751f\u4e8e\u6211\u4eec\u81ea\u5df1\u7684\u519c\u573a\u548c\u4f20\u7edf\u7684\u7279\u8272\u4e0e\u5173\u5fc3\u5728\u6211\u4eec\u7684\u8bbe\u65bd\uff1b\u8fd9\u662f\u65b0\u9c9c\u611f\u548c\u98ce\u5473\u7684\u662f\u4fdd\u7559\u3002<\/p><\/div><\/li><\/ul><\/div><\/div><\/div><\/div><\/div>\t\t\t\t<\/div>\n\t\t\t\t<\/div>\n\t\t\t\t<\/div>\n\t\t<div class=\"elementor-element elementor-element-c62444c e-con-full e-flex e-con e-parent\" data-id=\"c62444c\" data-element_type=\"container\" data-settings=\"{&quot;background_background&quot;:&quot;classic&quot;}\">\n\t\t\t\t<div class=\"elementor-element elementor-element-51acf24 elementor-widget elementor-widget-agricahistory\" data-id=\"51acf24\" data-element_type=\"widget\" data-widget_type=\"agricahistory.default\">\n\t\t\t\t<div class=\"elementor-widget-container\">\n\t\t\t\t\t<div class=\"timeline-area default-padding\"><div class=\"container\"><div class=\"row\"><div class=\"col-lg-8 offset-lg-2\"><div class=\"site-heading\"><h2 class=\"title vt-f-title\">\u81ea2005\u5e74\u4ee5\u6765\uff0c\u4ece\u4f20\u7edf\u7684\u672a\u6765<\/h2> <div class=\"row\"><div class=\"col-xl-10 offset-xl-2\"><p class=\"vt-f-text desc-selector\">\u8fd1\u4e8c\u5341\u5e74\u6765\uff0c\u5e26\u6765\u4e86\u4f20\u7edf\u7684\u53e3\u5473dutpinar\u73b0\u4ee3\u5316\u7684\u751f\u4ea7\u6807\u51c6\u3002 \u8d28\u91cf\u3001\u5b89\u5168\u548c\u53ef\u6301\u7eed\u53d1\u5c55\u539f\u5219\u7684\u7eaf\u7cb9\u7684\u4ea7\u54c1\uff0c\u6211\u4eec\u7ee7\u7eed\u5728\u6211\u4eec\u7684\u5929\u6027\u4f60\u7684\u8868\u3002<\/p><\/div><\/div> <\/div><\/div><\/div><div class=\"row\"><div class=\"col-lg-12\"><div class=\"timeline-items\"><!-- Single Item --> <div class=\"timeline-item\"><h2 class=\"vt-year\">2005<\/h2> <h4 class=\"vt-title\">\u7b2c\u4e00\u4e2a\u6b65\u9aa4\u7684\u8fc7\u7a0b\u4e2d\u7ec4\u7ec7\u548c\u4f01\u4e1a<\/h4><\/div><!-- Single Item --> <div class=\"timeline-item\"><h2 class=\"vt-year\">2010<\/h2> <h4 class=\"vt-title\">\u6269\u5927\u4ea7\u54c1\u8303\u56f4<\/h4><\/div><!-- Single Item --> <div class=\"timeline-item\"><h2 class=\"vt-year\">2015<\/h2> <h4 class=\"vt-title\">\u6218\u7565\u6269\u5927\u751f\u4ea7\u7ebf<\/h4><\/div><!-- Single Item --> <div class=\"timeline-item\"><h2 class=\"vt-year\">2023<\/h2> <h4 class=\"vt-title\">\u533a\u57df\u7535\u529b\u7684\u56fd\u5bb6\u54c1\u724c<\/h4><\/div><\/div><\/div><\/div><\/div><\/div>\t\t\t\t<\/div>\n\t\t\t\t<\/div>\n\t\t\t\t<\/div>\n\t\t<div class=\"elementor-element elementor-element-9c20e6f e-con-full e-flex e-con e-parent\" data-id=\"9c20e6f\" data-element_type=\"container\" data-settings=\"{&quot;background_background&quot;:&quot;classic&quot;}\">\n\t\t\t\t<div class=\"elementor-element elementor-element-9fbeef5 elementor-widget elementor-widget-agricawhychoseus\" data-id=\"9fbeef5\" data-element_type=\"widget\" data-widget_type=\"agricawhychoseus.default\">\n\t\t\t\t<div class=\"elementor-widget-container\">\n\t\t\t\t\t<div class=\"choose-us-style-three-area  text-light\"><div class=\"illustration-bottom\"><img decoding=\"async\" src=\"https:\/\/dutpinar.com\/wp-content\/uploads\/2025\/08\/4456476768.png\" alt=\"Dutp\u0131nar\"  \/><\/div><div class=\"shape\" style=\"background-image: url(https:\/\/dutpinar.com\/wp-content\/uploads\/2025\/08\/4356577890.jpg);\"><\/div><div class=\"container\"><div class=\"row\"><div class=\"col-lg-6 offset-lg-6 pl-60 pl-md-15 pl-xs-15\"><h2 class=\"title vt-f-title\">\u7136\u8868\u4ece\u5065\u5eb7\u7684\u65c5\u7a0b<\/h2><p class=\"vt-f-text desc-selector\">Dutpinar\u98df\u7269\u4f5c\u4e3a\u6700\u6709\u4ef7\u503c\u7684\u8425\u517b\uff0c\u5927\u81ea\u7136\u63d0\u4f9b\u7684\u5de5\u4f5c\u4e0e\u73b0\u4ee3\u751f\u4ea7\u6280\u672f\u9700\u8981\u8fbe\u5230\u4f60\u7684\u8868\u3002 \u536b\u751f\u5728\u6bcf\u4e2a\u9636\u6bb5\u7684\u6211\u4eec\u7684\u751f\u4ea7\u5de5\u827a\u3001\u8d28\u91cf\u548c\u53ef\u6301\u7eed\u6027\u901a\u8fc7\u9075\u5b88\u539f\u5219\u7684\u533a\u57df\u548c\u56fd\u5bb6\u4e00\u7ea7\u6b63\u5728\u671d\u7740\u6b63\u5728\u4e00\u4e2a\u53ef\u9760\u7684\u54c1\u724c\u3002<\/p><div class=\"list-grid\"><div class=\"achivement-content\"><div class=\"item\"><div class=\"progressbar\"><div class=\"circle\" data-percent=\"100\"><strong><\/strong><\/div><\/div><h4 class=\"vt-c-title\">\u751f\u4ea7\u7684\u5929\u7136\u548c\u7eaf\u7cb9\u7684<\/h4><\/div><\/div><ul class=\"list-item\"><li>\u7eaf\u5929\u7136\u7684\u5976\u5236\u54c1<\/li><li>\u4f20\u7edf\u7684\u9178\u5976\u548c\u5976\u916a<\/li><li>\u7ecf\u8fc7\u8ba4\u8bc1\u7684\u6709\u673a\u751f\u4ea7<\/li><\/ul><\/div> <\/div><\/div><\/div><\/div>\t\t\t\t<\/div>\n\t\t\t\t<\/div>\n\t\t\t\t<\/div>\n\t\t<div class=\"elementor-element elementor-element-d192bc9 e-con-full e-flex e-con e-parent\" data-id=\"d192bc9\" data-element_type=\"container\" data-settings=\"{&quot;background_background&quot;:&quot;classic&quot;}\">\n\t\t\t\t<div class=\"elementor-element elementor-element-fac717e elementor-widget elementor-widget-html\" data-id=\"fac717e\" data-element_type=\"widget\" data-widget_type=\"html.default\">\n\t\t\t\t\t<div class=\"container\">\r\n    <!-- Giri\u015f -->\r\n    <div class=\"row mb-5\">\r\n      <div class=\"col-lg-12\">\r\n        <h2 class=\"fw-bold mb-3\">\u5173\u4e8e\u6211\u4eec<\/h2>\r\n        <p class=\"lead\">\r\n          \u8c01\u8bbe\u7f6e\u811a\u5728\u5de5\u4e1a\u751f\u4ea7\u7684\u7cd6\u871c\u6700\u521d\uff0c\u6211\u4eec\u7684\u516c\u53f8\u6269\u5927\u5176\u8303\u56f4\u7684\u4ea7\u54c1\uff0c\u5728\u77ed\u65f6\u95f4 \u725b\u5976\u548c\u5976\u5236\u54c1\u3001\u8089\u7c7b\u548c\u8089\u7c7b\u4ea7\u54c1\uff0c\u519c\u4e1a\u548c\u755c\u7267\u4e1a\u6d3b\u52a8\u4e0e\u6e7f\u548c\u5e72\u71e5\u6c34\u679c \u5df2\u83b7\u53d6\u7684\u7c7b\u578b\u3002 Dutpinar\u4eca\u5929\uff0c\u5927\u578b\u751f\u4ea7\u80fd\u529b\u548c\u5f3a\u5927\u7684\u4f9b\u5e94\u57fa\u7840\u8bbe\u65bd \u571f\u8033\u5176\u7684\u9886\u5bfc\u98df\u54c1\u516c\u53f8\uff0c\u662f\u4e00\u4e2a\u53ef\u9760\u7684\u5408\u4f5c\u4f19\u4f34\u3002\r\n        <\/p>\r\n        <p>\r\n          \u8461\u8404\u6851\u3001\u89d2\u8c46\u6811\u3001\u65e5\u671f\u3001\u674f\u548c\u8bb8\u591a\u81ea\u7136\u871c\u7cd6\uff0c\u6bcf\u5929\u591a\u79cd\uff0c\u5982\u84ec \r\n          <strong>\u751f\u4ea7\u80fd\u529b\u8fbe\u523016\u5428<\/strong> \u5b83\u4e0d\u662f\u552f\u4e00\u7684\u4f9b\u5e94\u5546\u63d0\u4f9b\u7684\u4f5c\u7528dutpinar\uff1b\u540c\u65f6 \u8be5\u884c\u4e1a\u5728\u8d28\u91cf\u3001\u53ef\u9760\u6027\u548c\u5305\u542b\u53ef\u6301\u7eed\u53d1\u5c55\u539f\u5219\u4e0e\u6807\u8bc6\u7684\u4e00\u4e2a\u54c1\u724c\u8fd9\u662f\u7a81\u51fa\u7684\u3002\r\n        <\/p>\r\n      <\/div>\r\n    <\/div>\r\n\r\n    <!-- \u00c7iftlikler ve \u00dcretim G\u00fcc\u00fc -->\r\n    <div class=\"row mb-5\">\r\n      <div class=\"col-lg-12\">\r\n        <h3 class=\"fw-bold mb-3\">\u6211\u4eec\u7684\u519c\u573a\u4e0e\u6211\u4eec\u7684\u7535\u529b\u751f\u4ea7<\/h3>\r\n      <\/div>\r\n      <div class=\"col-md-6 mb-4\">\r\n        <div class=\"p-4 bg-white h-100 shadow-sm rounded\">\r\n          <h5 class=\"fw-bold\">\u4e73\u5236\u54c1\u519c\u573aSagmallik600<\/h5>\r\n          <p class=\"mb-0\">2,000-\u5934\u80fd\u529b\u7684\u9972\u517b\u573a\u7684\u755c\u7267\u4e1a\u5728\u672c\u533a\u57df\uff0c\u6211\u4eec\u6b63\u5728\u91c7\u53d6\u4e00\u79cd\u4e3b\u5bfc\u4f5c\u7528\u3002<\/p>\r\n        <\/div>\r\n      <\/div>\r\n      <div class=\"col-md-6 mb-4\">\r\n        <div class=\"p-4 bg-white h-100 shadow-sm rounded\">\r\n          <h5 class=\"fw-bold\">\u6587\u4ef6\u548c\u6743\u9650<\/h5>\r\n          <p class=\"mb-0\">\r\n            \u5728\u6211\u4eec\u533a\u57df <strong>\"\u5404\u7814\u7a76\u6240\"\u7684\u8bc1\u4e66<\/strong> \u9996\u5148\uff0c\u6211\u4eec\u9700\u8981\u7684\u4e73\u5236\u54c1\u519c\u573a\u7684\u9886\u57df\u3002 \u4e5f\u8bb8\u53ef\u9500\u552e\u7684\u539f\u725b\u5976 \u6211\u4eec\u662f\u4ec5\u6709\u7684\u516c\u53f8\u3002\r\n          <\/p>\r\n        <\/div>\r\n      <\/div>\r\n      <div class=\"col-md-12\">\r\n        <div class=\"p-4 bg-white shadow-sm rounded\">\r\n          <h5 class=\"fw-bold\">\u5f53\u5730\u7684\u9500\u552e\u7f51\u7edc<\/h5>\r\n          <p class=\"mb-0\">\r\n            \u6211\u4eec\u73b0\u4ee3\u5316\u7684\u8bbe\u65bd\uff0c\u6211\u4eec\u751f\u4ea7\u725b\u5976\u7684\u6211\u4eec\u7684\u57ce\u5e02\u5728\u9500\u552e\u70b9\u548c\u76f4\u63a5\u7684\u5341\u4e00\u4e2a\u4e0d\u540c\u7684 \u6211\u4eec\u63d0\u4f9b\u7ed9\u6211\u4eec\u7684\u4eba\u6c11\u3002 \u5728\u6211\u4eec\u7684\u5355\u4f4d\u6211\u4eec\u53d1\u5c55\u6211\u4eec\u81ea\u5df1\u7684\u519c\u573a\u52a8\u7269\u8089\u7c7b\u52a0\u5de5 \u54c1\u724c\u4ef7\u503c\uff0c\u901a\u8fc7\u751f\u4ea7\u4f20\u7edf\u7684\u7f8e\u5473\u4f73\u80b4\u559c\u6b22\u718f\u8089\u548c\u9999\u80a0\u8089\u9a6c\u62c9 \u6211\u4eec\u7684\u76ee\u6807\u662f\u63d0\u9ad8\u3002\r\n          <\/p>\r\n        <\/div>\r\n      <\/div>\r\n    <\/div>\r\n\r\n    <!-- \u00dcretim Anlay\u0131\u015f\u0131 -->\r\n    <div class=\"row\">\r\n      <div class=\"col-lg-12\">\r\n        <h3 class=\"fw-bold mb-3\">\u6211\u4eec\u7684\u7406\u89e3\u751f\u4ea7<\/h3>\r\n        <p>\r\n          Dutpinar\u7cae\u98df\u751f\u4ea7\u4e0d\u4ec5\u4ec5\u662f\u4e00\u4e2a\u8fdb\u7a0b\uff0c\u5b83\u4e5f\u662f\u4e00\u79cd\u8d23\u4efb\u3002 \u6211\u4eec;\r\n        <\/p>\r\n        <ul class=\"list-unstyled\">\r\n          <li class=\"mb-2\">\u2705\u536b\u751f\u7684\uff0c\u6211\u4eec\u5e94\u7528\u8be5\u539f\u5219\u7684\u7cae\u98df\u5b89\u5168\u548c\u900f\u660e\u5ea6\u6beb\u4e0d\u59a5\u534f\u3002<\/li>\r\n          <li class=\"mb-2\">\u2705\u4f60\u53ef\u4ee5\u8bbf\u95ee\u6211\u4eec\u7684\u5236\u9020\u5de5\u5382\u3002<\/li>\r\n          <li class=\"mb-2\">\u2705\u6211\u4eec\u4e0d\u4f7f\u7528\u6dfb\u52a0\u5242\u7b49\u4ea7\u54c1\u4e2d\u7684\u9178\u5976\u3001\u9175\u6bcd\uff0c\u4f20\u7edf\u65b9\u6cd5\u6211\u4eec\u63d0\u4f9b\u7684\u3002<\/li>\r\n          <li class=\"mb-2\">\u2705\u6211\u4eec\u4f7f\u7528\u6211\u4eec\u7684\u6240\u6709\u81ea\u7136\u5976\u916a\u54c1\u79cdsirdan\u9175\u6bcd\u3002<\/li>\r\n        <\/ul>\r\n        <p class=\"fw-semibold mt-3\">\r\n          \u6211\u4eec\u8ba4\u4e3a\uff0c <strong>\u4e00\u4e2a\u5065\u5eb7\u7684\u793e\u4f1a\u4e0e\u5065\u5eb7\u98df\u54c1<\/strong> \u5b83\u662f\u53ef\u80fd\u7684\u3002 \u5b83\u4e0d\u53ea\u662f\u4f60\u7684\u8868\u8fd9\u79cd\u610f\u8bc6\u7684\u4ea7\u54c1\u7684\u4fe1\u5fc3\u3001\u5065\u5eb7\u548c\u8d28\u91cf\uff0c\u6211\u4eec\u968f\u8eab\u643a\u5e26\u3002\r\n        <\/p>\r\n      <\/div>\r\n    <\/div>\r\n  <\/div>\t\t\t\t<\/div>\n\t\t\t\t<\/div>\n\t\t\t\t<\/div>","protected":false},"excerpt":{"rendered":"<p>Hakk\u0131m\u0131zda Dutp\u0131nar G\u0131da, do\u011fan\u0131n bize sundu\u011fu en de\u011ferli besinleri, sa\u011fl\u0131kl\u0131 ve g\u00fcvenilir \u00fcretim anlay\u0131\u015f\u0131yla sofralar\u0131n\u0131za ta\u015f\u0131mak amac\u0131yla 2005 y\u0131l\u0131nda Malatya\u2019da kurulmu\u015ftur. Kuruldu\u011fumuz ilk g\u00fcnden itibaren; geleneksel lezzetleri modern \u00fcretim teknolojileriyle bulu\u015fturmay\u0131, b\u00f6lgesel de\u011ferlerimizi ulusal \u00f6l\u00e7ekte markala\u015ft\u0131rmay\u0131 ve her zaman daha iyisini sunmay\u0131 kendimize g\u00f6rev edindik. 25MY\u0131ll\u0131k \u00dcretim Kapasitesi %100 Sertifikal\u0131 Organik \u00dcretim T\u00fcm \u00fcr\u00fcnlerimiz katk\u0131s\u0131z,&#8230;<\/p>","protected":false},"author":1,"featured_media":0,"parent":0,"menu_order":0,"comment_status":"closed","ping_status":"closed","template":"template-builder.php","meta":{"pgc_sgb_lightbox_settings":"","_joinchat":[],"footnotes":""},"class_list":["post-2659","page","type-page","status-publish","hentry"],"_links":{"self":[{"href":"https:\/\/dutpinar.com\/zh\/wp-json\/wp\/v2\/pages\/2659","targetHints":{"allow":["GET"]}}],"collection":[{"href":"https:\/\/dutpinar.com\/zh\/wp-json\/wp\/v2\/pages"}],"about":[{"href":"https:\/\/dutpinar.com\/zh\/wp-json\/wp\/v2\/types\/page"}],"author":[{"embeddable":true,"href":"https:\/\/dutpinar.com\/zh\/wp-json\/wp\/v2\/users\/1"}],"replies":[{"embeddable":true,"href":"https:\/\/dutpinar.com\/zh\/wp-json\/wp\/v2\/comments?post=2659"}],"version-history":[{"count":44,"href":"https:\/\/dutpinar.com\/zh\/wp-json\/wp\/v2\/pages\/2659\/revisions"}],"predecessor-version":[{"id":3193,"href":"https:\/\/dutpinar.com\/zh\/wp-json\/wp\/v2\/pages\/2659\/revisions\/3193"}],"wp:attachment":[{"href":"https:\/\/dutpinar.com\/zh\/wp-json\/wp\/v2\/media?parent=2659"}],"curies":[{"name":"wp","href":"https:\/\/api.w.org\/{rel}","templated":true}]}}