{"id":11,"date":"2025-08-29T15:13:32","date_gmt":"2025-08-29T12:13:32","guid":{"rendered":"https:\/\/dutpinar.com\/cart\/"},"modified":"2025-08-29T18:04:52","modified_gmt":"2025-08-29T15:04:52","slug":"sepet","status":"publish","type":"page","link":"https:\/\/dutpinar.com\/zh\/sepet\/","title":{"rendered":"Sepet"},"content":{"rendered":"<div data-block-name=\"woocommerce\/cart\" class=\"wp-block-woocommerce-cart alignwide is-loading\">\n<div data-block-name=\"woocommerce\/filled-cart-block\" class=\"wp-block-woocommerce-filled-cart-block\">\n<div data-block-name=\"woocommerce\/cart-items-block\" class=\"wp-block-woocommerce-cart-items-block\">\n<div data-block-name=\"woocommerce\/cart-line-items-block\" class=\"wp-block-woocommerce-cart-line-items-block\"><\/div>\n\n\n\n<div data-block-name=\"woocommerce\/cart-cross-sells-block\" class=\"wp-block-woocommerce-cart-cross-sells-block\">\n<h2 class=\"wp-block-heading has-large-font-size\">You may be interested in\u2026<\/h2>\n\n\n\n<div data-block-name=\"woocommerce\/cart-cross-sells-products-block\" class=\"wp-block-woocommerce-cart-cross-sells-products-block\"><\/div>\n<\/div>\n<\/div>\n\n\n\n<div data-block-name=\"woocommerce\/cart-totals-block\" class=\"wp-block-woocommerce-cart-totals-block\">\n<div data-block-name=\"woocommerce\/cart-order-summary-block\" class=\"wp-block-woocommerce-cart-order-summary-block\">\n<div data-block-name=\"woocommerce\/cart-order-summary-heading-block\" class=\"wp-block-woocommerce-cart-order-summary-heading-block\"><\/div><div data-block-name=\"woocommerce\/cart-order-summary-coupon-form-block\" class=\"wp-block-woocommerce-cart-order-summary-coupon-form-block\"><\/div><div data-block-name=\"woocommerce\/cart-order-summary-totals-block\" class=\"wp-block-woocommerce-cart-order-summary-totals-block\">\n<div data-block-name=\"woocommerce\/cart-order-summary-subtotal-block\" class=\"wp-block-woocommerce-cart-order-summary-subtotal-block\"><\/div>\n<div data-block-name=\"woocommerce\/cart-order-summary-discount-block\" class=\"wp-block-woocommerce-cart-order-summary-discount-block\"><\/div>\n<div data-block-name=\"woocommerce\/cart-order-summary-fee-block\" class=\"wp-block-woocommerce-cart-order-summary-fee-block\"><\/div>\n<div data-block-name=\"woocommerce\/cart-order-summary-shipping-block\" class=\"wp-block-woocommerce-cart-order-summary-shipping-block\"><\/div>\n<div data-block-name=\"woocommerce\/cart-order-summary-taxes-block\" class=\"wp-block-woocommerce-cart-order-summary-taxes-block\"><\/div><\/div>\n<\/div>\n\n\n\n<div data-block-name=\"woocommerce\/cart-express-payment-block\" class=\"wp-block-woocommerce-cart-express-payment-block\"><\/div>\n\n\n\n<div data-block-name=\"woocommerce\/proceed-to-checkout-block\" class=\"wp-block-woocommerce-proceed-to-checkout-block\"><\/div>\n\n\n\n<div data-block-name=\"woocommerce\/cart-accepted-payment-methods-block\" class=\"wp-block-woocommerce-cart-accepted-payment-methods-block\"><\/div>\n<\/div>\n<\/div>\n\n\n\n<div data-block-name=\"woocommerce\/empty-cart-block\" class=\"wp-block-woocommerce-empty-cart-block\">\n<h2 class=\"wp-block-heading has-text-align-center with-empty-cart-icon wc-block-cart__empty-cart__title\">Your cart is currently empty!<\/h2>\n\n\n\n<hr class=\"wp-block-separator has-alpha-channel-opacity is-style-dots\"\/>\n\n\n\n<h2 class=\"wp-block-heading has-text-align-center\">New in store<\/h2>\n\n\n<div data-block-name=\"woocommerce\/product-new\" data-columns=\"4\" data-rows=\"1\" class=\"wc-block-grid wp-block-product-new wp-block-woocommerce-product-new wc-block-product-new has-4-columns\"><ul class=\"wc-block-grid__products\"><li class=\"wc-block-grid__product\">\n\t\t\t\t<a href=\"https:\/\/dutpinar.com\/zh\/product\/uzum-pekmezi\/\" class=\"wc-block-grid__product-link\">\n\t\t\t\t\t\n\t\t\t\t\t<div class=\"wc-block-grid__product-image\"><img fetchpriority=\"high\" decoding=\"async\" width=\"1500\" height=\"1500\" src=\"https:\/\/dutpinar.com\/wp-content\/uploads\/2025\/09\/34255676889.jpg\" class=\"attachment-woocommerce_thumbnail size-woocommerce_thumbnail\" alt=\"\u00dcz\u00fcm Pekmezi\" srcset=\"https:\/\/dutpinar.com\/wp-content\/uploads\/2025\/09\/34255676889.jpg 1500w, https:\/\/dutpinar.com\/wp-content\/uploads\/2025\/09\/34255676889-300x300.jpg 300w, https:\/\/dutpinar.com\/wp-content\/uploads\/2025\/09\/34255676889-1024x1024.jpg 1024w, https:\/\/dutpinar.com\/wp-content\/uploads\/2025\/09\/34255676889-150x150.jpg 150w, https:\/\/dutpinar.com\/wp-content\/uploads\/2025\/09\/34255676889-768x768.jpg 768w, https:\/\/dutpinar.com\/wp-content\/uploads\/2025\/09\/34255676889-80x80.jpg 80w, https:\/\/dutpinar.com\/wp-content\/uploads\/2025\/09\/34255676889-12x12.jpg 12w, https:\/\/dutpinar.com\/wp-content\/uploads\/2025\/09\/34255676889-100x100.jpg 100w\" sizes=\"(max-width: 1500px) 100vw, 1500px\"><\/div>\n\t\t\t\t\t<div class=\"wc-block-grid__product-title\">\u8461\u8404\u7cd6\u6d46<\/div>\n\t\t\t\t<\/a>\n\t\t\t\t<div class=\"wc-block-grid__product-price price\"><\/div>\n\t\t\t\t\n\t\t\t\t<div class=\"wp-block-button wc-block-grid__product-add-to-cart\"><a href=\"https:\/\/dutpinar.com\/zh\/product\/uzum-pekmezi\/\" aria-label=\"\u8be6\u7ec6\u4e86\u89e3 \u201c\u00dcz\u00fcm Pekmezi\u201d\" data-quantity=\"1\" data-product_id=\"3281\" data-product_sku=\"\" data-price=\"0\" rel=\"nofollow\" class=\"wp-block-button__link  add_to_cart_button\" data-no-translation=\"\" data-trp-gettext=\"\" data-no-translation-aria-label=\"\">\u9605\u8bfb\u66f4\u591a<\/a><\/div><div class=\"tinv-wraper woocommerce tinv-wishlist tinvwl-after-add-to-cart tinvwl-loop-button-wrapper tinvwl-woocommerce_blocks_product_grid_item_html\" data-tinvwl_product_id=\"3281\">\r\n\t<div class=\"tinv-wishlist-clear\"><\/div><a role=\"button\" tabindex=\"0\" name=\"favorilere-ekle\" aria-label=\"\u6dfb\u52a0\u7684\u6700\u7231\" class=\"tinvwl_add_to_wishlist_button tinvwl-icon-heart  tinvwl-position-after tinvwl-loop\" data-tinv-wl-list=\"[]\" data-tinv-wl-product=\"3281\" data-tinv-wl-productvariation=\"0\" data-tinv-wl-productvariations=\"[]\" data-tinv-wl-producttype=\"simple\" data-tinv-wl-action=\"add\"><span class=\"tinvwl_add_to_wishlist-text\">\u6dfb\u52a0\u7684\u6700\u7231<\/span><\/a><div class=\"tinv-wishlist-clear\"><\/div>\t\t<div class=\"tinvwl-tooltip\">\u6dfb\u52a0\u7684\u6700\u7231<\/div>\r\n<\/div>\n\t\t\t<\/li><li class=\"wc-block-grid__product\">\n\t\t\t\t<a href=\"https:\/\/dutpinar.com\/zh\/product\/tam-yagli-malatya-peyniri\/\" class=\"wc-block-grid__product-link\">\n\t\t\t\t\t\n\t\t\t\t\t<div class=\"wc-block-grid__product-image\"><img decoding=\"async\" width=\"1500\" height=\"1500\" src=\"https:\/\/dutpinar.com\/wp-content\/uploads\/2025\/09\/346756785446.jpg\" class=\"attachment-woocommerce_thumbnail size-woocommerce_thumbnail\" alt=\"Tam Ya\u011fl\u0131 Malatya Peyniri\" srcset=\"https:\/\/dutpinar.com\/wp-content\/uploads\/2025\/09\/346756785446.jpg 1500w, https:\/\/dutpinar.com\/wp-content\/uploads\/2025\/09\/346756785446-300x300.jpg 300w, https:\/\/dutpinar.com\/wp-content\/uploads\/2025\/09\/346756785446-1024x1024.jpg 1024w, https:\/\/dutpinar.com\/wp-content\/uploads\/2025\/09\/346756785446-150x150.jpg 150w, https:\/\/dutpinar.com\/wp-content\/uploads\/2025\/09\/346756785446-768x768.jpg 768w, https:\/\/dutpinar.com\/wp-content\/uploads\/2025\/09\/346756785446-80x80.jpg 80w, https:\/\/dutpinar.com\/wp-content\/uploads\/2025\/09\/346756785446-12x12.jpg 12w, https:\/\/dutpinar.com\/wp-content\/uploads\/2025\/09\/346756785446-100x100.jpg 100w\" sizes=\"(max-width: 1500px) 100vw, 1500px\"><\/div>\n\t\t\t\t\t<div class=\"wc-block-grid__product-title\">\u5168\u8102\u5976\u916a\u9a6c\u62c9<\/div>\n\t\t\t\t<\/a>\n\t\t\t\t<div class=\"wc-block-grid__product-price price\"><\/div>\n\t\t\t\t\n\t\t\t\t<div class=\"wp-block-button wc-block-grid__product-add-to-cart\"><a href=\"https:\/\/dutpinar.com\/zh\/product\/tam-yagli-malatya-peyniri\/\" aria-label=\"\u8be6\u7ec6\u4e86\u89e3 \u201cTam Ya\u011fl\u0131 Malatya Peyniri\u201d\" data-quantity=\"1\" data-product_id=\"3279\" data-product_sku=\"\" data-price=\"0\" rel=\"nofollow\" class=\"wp-block-button__link  add_to_cart_button\" data-no-translation=\"\" data-trp-gettext=\"\" data-no-translation-aria-label=\"\">\u9605\u8bfb\u66f4\u591a<\/a><\/div><div class=\"tinv-wraper woocommerce tinv-wishlist tinvwl-after-add-to-cart tinvwl-loop-button-wrapper tinvwl-woocommerce_blocks_product_grid_item_html\" data-tinvwl_product_id=\"3279\">\r\n\t<div class=\"tinv-wishlist-clear\"><\/div><a role=\"button\" tabindex=\"0\" name=\"favorilere-ekle\" aria-label=\"\u6dfb\u52a0\u7684\u6700\u7231\" class=\"tinvwl_add_to_wishlist_button tinvwl-icon-heart  tinvwl-position-after tinvwl-loop\" data-tinv-wl-list=\"[]\" data-tinv-wl-product=\"3279\" data-tinv-wl-productvariation=\"0\" data-tinv-wl-productvariations=\"[]\" data-tinv-wl-producttype=\"simple\" data-tinv-wl-action=\"add\"><span class=\"tinvwl_add_to_wishlist-text\">\u6dfb\u52a0\u7684\u6700\u7231<\/span><\/a><div class=\"tinv-wishlist-clear\"><\/div>\t\t<div class=\"tinvwl-tooltip\">\u6dfb\u52a0\u7684\u6700\u7231<\/div>\r\n<\/div>\n\t\t\t<\/li><li class=\"wc-block-grid__product\">\n\t\t\t\t<a href=\"https:\/\/dutpinar.com\/zh\/product\/tam-yagli-cecil-peyniri\/\" class=\"wc-block-grid__product-link\">\n\t\t\t\t\t\n\t\t\t\t\t<div class=\"wc-block-grid__product-image\"><img decoding=\"async\" width=\"1500\" height=\"1500\" src=\"https:\/\/dutpinar.com\/wp-content\/uploads\/2025\/09\/568576453545.jpg\" class=\"attachment-woocommerce_thumbnail size-woocommerce_thumbnail\" alt=\"Tam Ya\u011fl\u0131 \u00c7e\u00e7il Peyniri\" srcset=\"https:\/\/dutpinar.com\/wp-content\/uploads\/2025\/09\/568576453545.jpg 1500w, https:\/\/dutpinar.com\/wp-content\/uploads\/2025\/09\/568576453545-300x300.jpg 300w, https:\/\/dutpinar.com\/wp-content\/uploads\/2025\/09\/568576453545-1024x1024.jpg 1024w, https:\/\/dutpinar.com\/wp-content\/uploads\/2025\/09\/568576453545-150x150.jpg 150w, https:\/\/dutpinar.com\/wp-content\/uploads\/2025\/09\/568576453545-768x768.jpg 768w, https:\/\/dutpinar.com\/wp-content\/uploads\/2025\/09\/568576453545-80x80.jpg 80w, https:\/\/dutpinar.com\/wp-content\/uploads\/2025\/09\/568576453545-12x12.jpg 12w, https:\/\/dutpinar.com\/wp-content\/uploads\/2025\/09\/568576453545-100x100.jpg 100w\" sizes=\"(max-width: 1500px) 100vw, 1500px\"><\/div>\n\t\t\t\t\t<div class=\"wc-block-grid__product-title\">\u5168\u8102\u5976\u916a\u585e\u897f\u5c14<\/div>\n\t\t\t\t<\/a>\n\t\t\t\t<div class=\"wc-block-grid__product-price price\"><\/div>\n\t\t\t\t\n\t\t\t\t<div class=\"wp-block-button wc-block-grid__product-add-to-cart\"><a href=\"https:\/\/dutpinar.com\/zh\/product\/tam-yagli-cecil-peyniri\/\" aria-label=\"\u8be6\u7ec6\u4e86\u89e3 \u201cTam Ya\u011fl\u0131 \u00c7e\u00e7il Peyniri\u201d\" data-quantity=\"1\" data-product_id=\"3277\" data-product_sku=\"\" data-price=\"0\" rel=\"nofollow\" class=\"wp-block-button__link  add_to_cart_button\" data-no-translation=\"\" data-trp-gettext=\"\" data-no-translation-aria-label=\"\">\u9605\u8bfb\u66f4\u591a<\/a><\/div><div class=\"tinv-wraper woocommerce tinv-wishlist tinvwl-after-add-to-cart tinvwl-loop-button-wrapper tinvwl-woocommerce_blocks_product_grid_item_html\" data-tinvwl_product_id=\"3277\">\r\n\t<div class=\"tinv-wishlist-clear\"><\/div><a role=\"button\" tabindex=\"0\" name=\"favorilere-ekle\" aria-label=\"\u6dfb\u52a0\u7684\u6700\u7231\" class=\"tinvwl_add_to_wishlist_button tinvwl-icon-heart  tinvwl-position-after tinvwl-loop\" data-tinv-wl-list=\"[]\" data-tinv-wl-product=\"3277\" data-tinv-wl-productvariation=\"0\" data-tinv-wl-productvariations=\"[]\" data-tinv-wl-producttype=\"simple\" data-tinv-wl-action=\"add\"><span class=\"tinvwl_add_to_wishlist-text\">\u6dfb\u52a0\u7684\u6700\u7231<\/span><\/a><div class=\"tinv-wishlist-clear\"><\/div>\t\t<div class=\"tinvwl-tooltip\">\u6dfb\u52a0\u7684\u6700\u7231<\/div>\r\n<\/div>\n\t\t\t<\/li><li class=\"wc-block-grid__product\">\n\t\t\t\t<a href=\"https:\/\/dutpinar.com\/zh\/product\/tam-yagli-dil-peyniri\/\" class=\"wc-block-grid__product-link\">\n\t\t\t\t\t\n\t\t\t\t\t<div class=\"wc-block-grid__product-image\"><img loading=\"lazy\" decoding=\"async\" width=\"1500\" height=\"1500\" src=\"https:\/\/dutpinar.com\/wp-content\/uploads\/2025\/09\/56854654345434.jpg\" class=\"attachment-woocommerce_thumbnail size-woocommerce_thumbnail\" alt=\"Tam Ya\u011fl\u0131 Dil Peyniri\" srcset=\"https:\/\/dutpinar.com\/wp-content\/uploads\/2025\/09\/56854654345434.jpg 1500w, https:\/\/dutpinar.com\/wp-content\/uploads\/2025\/09\/56854654345434-300x300.jpg 300w, https:\/\/dutpinar.com\/wp-content\/uploads\/2025\/09\/56854654345434-1024x1024.jpg 1024w, https:\/\/dutpinar.com\/wp-content\/uploads\/2025\/09\/56854654345434-150x150.jpg 150w, https:\/\/dutpinar.com\/wp-content\/uploads\/2025\/09\/56854654345434-768x768.jpg 768w, https:\/\/dutpinar.com\/wp-content\/uploads\/2025\/09\/56854654345434-80x80.jpg 80w, https:\/\/dutpinar.com\/wp-content\/uploads\/2025\/09\/56854654345434-12x12.jpg 12w, https:\/\/dutpinar.com\/wp-content\/uploads\/2025\/09\/56854654345434-100x100.jpg 100w\" sizes=\"(max-width: 1500px) 100vw, 1500px\"><\/div>\n\t\t\t\t\t<div class=\"wc-block-grid__product-title\">\u5168\u8102\u5976\u916a<\/div>\n\t\t\t\t<\/a>\n\t\t\t\t<div class=\"wc-block-grid__product-price price\"><\/div>\n\t\t\t\t\n\t\t\t\t<div class=\"wp-block-button wc-block-grid__product-add-to-cart\"><a href=\"https:\/\/dutpinar.com\/zh\/product\/tam-yagli-dil-peyniri\/\" aria-label=\"\u8be6\u7ec6\u4e86\u89e3 \u201cTam Ya\u011fl\u0131 Dil Peyniri\u201d\" data-quantity=\"1\" data-product_id=\"3275\" data-product_sku=\"\" data-price=\"0\" rel=\"nofollow\" class=\"wp-block-button__link  add_to_cart_button\" data-no-translation=\"\" data-trp-gettext=\"\" data-no-translation-aria-label=\"\">\u9605\u8bfb\u66f4\u591a<\/a><\/div><div class=\"tinv-wraper woocommerce tinv-wishlist tinvwl-after-add-to-cart tinvwl-loop-button-wrapper tinvwl-woocommerce_blocks_product_grid_item_html\" data-tinvwl_product_id=\"3275\">\r\n\t<div class=\"tinv-wishlist-clear\"><\/div><a role=\"button\" tabindex=\"0\" name=\"favorilere-ekle\" aria-label=\"\u6dfb\u52a0\u7684\u6700\u7231\" class=\"tinvwl_add_to_wishlist_button tinvwl-icon-heart  tinvwl-position-after tinvwl-loop\" data-tinv-wl-list=\"[]\" data-tinv-wl-product=\"3275\" data-tinv-wl-productvariation=\"0\" data-tinv-wl-productvariations=\"[]\" data-tinv-wl-producttype=\"simple\" data-tinv-wl-action=\"add\"><span class=\"tinvwl_add_to_wishlist-text\">\u6dfb\u52a0\u7684\u6700\u7231<\/span><\/a><div class=\"tinv-wishlist-clear\"><\/div>\t\t<div class=\"tinvwl-tooltip\">\u6dfb\u52a0\u7684\u6700\u7231<\/div>\r\n<\/div>\n\t\t\t<\/li><\/ul><\/div><\/div>\n<\/div>","protected":false},"excerpt":{"rendered":"","protected":false},"author":1,"featured_media":0,"parent":0,"menu_order":0,"comment_status":"closed","ping_status":"closed","template":"","meta":{"pgc_sgb_lightbox_settings":"","_joinchat":[],"footnotes":""},"class_list":["post-11","page","type-page","status-publish","hentry","page--item"],"_links":{"self":[{"href":"https:\/\/dutpinar.com\/zh\/wp-json\/wp\/v2\/pages\/11","targetHints":{"allow":["GET"]}}],"collection":[{"href":"https:\/\/dutpinar.com\/zh\/wp-json\/wp\/v2\/pages"}],"about":[{"href":"https:\/\/dutpinar.com\/zh\/wp-json\/wp\/v2\/types\/page"}],"author":[{"embeddable":true,"href":"https:\/\/dutpinar.com\/zh\/wp-json\/wp\/v2\/users\/1"}],"replies":[{"embeddable":true,"href":"https:\/\/dutpinar.com\/zh\/wp-json\/wp\/v2\/comments?post=11"}],"version-history":[{"count":2,"href":"https:\/\/dutpinar.com\/zh\/wp-json\/wp\/v2\/pages\/11\/revisions"}],"predecessor-version":[{"id":3034,"href":"https:\/\/dutpinar.com\/zh\/wp-json\/wp\/v2\/pages\/11\/revisions\/3034"}],"wp:attachment":[{"href":"https:\/\/dutpinar.com\/zh\/wp-json\/wp\/v2\/media?parent=11"}],"curies":[{"name":"wp","href":"https:\/\/api.w.org\/{rel}","templated":true}]}}