{"id":3397,"date":"2025-09-22T18:54:00","date_gmt":"2025-09-22T15:54:00","guid":{"rendered":"https:\/\/dutpinar.com\/?page_id=3397"},"modified":"2025-09-23T15:38:52","modified_gmt":"2025-09-23T12:38:52","slug":"subelerimiz","status":"publish","type":"page","link":"https:\/\/dutpinar.com\/en\/subelerimiz\/","title":{"rendered":"Our branches"},"content":{"rendered":"<div data-elementor-type=\"wp-page\" data-elementor-id=\"3397\" class=\"elementor elementor-3397\" data-elementor-post-type=\"page\">\n\t\t\t\t<div class=\"elementor-element elementor-element-59c85d3 e-flex e-con-boxed e-con e-parent\" data-id=\"59c85d3\" data-element_type=\"container\">\n\t\t\t\t\t<div class=\"e-con-inner\">\n\t\t\t\t<div class=\"elementor-element elementor-element-14d63a9 meprojelerlist elementor-widget elementor-widget-tlp-portfolio\" data-id=\"14d63a9\" data-element_type=\"widget\" data-widget_type=\"tlp-portfolio.default\">\n\t\t\t\t<div class=\"elementor-widget-container\">\n\t\t\t\t\t<div class='rt-container-fluid tlp-portfolio tlp-portfolio-container is-isotope' id='tlp-portfolio-container-3636272001'><div class=\"rt-row isotope1\"><div class=\"tlp-portfolio-isotope-button button-group filter-button-group option-set\">\r\n\t\t\t\t\t\t\t\t\t\t\t<button data-filter=\"*\" class=\"selected\">Show all<\/button><button data-filter='.malatya'>Malatya<\/button> <\/div><div class=\"tlp-portfolio-isotope\"><div class='tlp-item tlp-single-item tlp-isotope-item tlp-col-md-4 tlp-col-sm-6 tlp-col-xs-12  malatya'><div class=\"tlp-portfolio-item\"><div class=\"tlp-portfolio-thum tlp-item\"><img fetchpriority=\"high\" decoding=\"async\" width=\"1500\" height=\"1000\" src=\"https:\/\/dutpinar.com\/wp-content\/uploads\/2025\/09\/45746546678.jpg\" class=\"img-responsive\" alt=\"\" \/><div class=\"tlp-overlay\"><p class=\"link-icon\"><a target=\"_self\" href=\"https:\/\/dutpinar.com\/en\/subeler\/fahrikayahan-subesi\/\"><i class=\"demo-icon icon-link-ext\"><\/i><\/a><\/p><\/div><\/div><div class=\"tlp-content\"><div class=\"tlp-content-holder\"> <h3><a target=\"_self\" href=\"https:\/\/dutpinar.com\/en\/subeler\/fahrikayahan-subesi\/\">Fahrikayahan Branch <\/a><\/h3>  <\/div><\/div><\/div><\/div><div class='tlp-item tlp-single-item tlp-isotope-item tlp-col-md-4 tlp-col-sm-6 tlp-col-xs-12  malatya'><div class=\"tlp-portfolio-item\"><div class=\"tlp-portfolio-thum tlp-item\"><img fetchpriority=\"high\" decoding=\"async\" width=\"1500\" height=\"1000\" src=\"https:\/\/dutpinar.com\/wp-content\/uploads\/2025\/09\/45746546678.jpg\" class=\"img-responsive\" alt=\"\" \/><div class=\"tlp-overlay\"><p class=\"link-icon\"><a target=\"_self\" href=\"https:\/\/dutpinar.com\/en\/subeler\/bostanbasi-subesi\/\"><i class=\"demo-icon icon-link-ext\"><\/i><\/a><\/p><\/div><\/div><div class=\"tlp-content\"><div class=\"tlp-content-holder\"> <h3><a target=\"_self\" href=\"https:\/\/dutpinar.com\/en\/subeler\/bostanbasi-subesi\/\">Airport Branch International Terminal <\/a><\/h3>  <\/div><\/div><\/div><\/div><div class='tlp-item tlp-single-item tlp-isotope-item tlp-col-md-4 tlp-col-sm-6 tlp-col-xs-12  malatya'><div class=\"tlp-portfolio-item\"><div class=\"tlp-portfolio-thum tlp-item\"><img fetchpriority=\"high\" decoding=\"async\" width=\"1500\" height=\"1000\" src=\"https:\/\/dutpinar.com\/wp-content\/uploads\/2025\/09\/45746546678.jpg\" class=\"img-responsive\" alt=\"\" \/><div class=\"tlp-overlay\"><p class=\"link-icon\"><a target=\"_self\" href=\"https:\/\/dutpinar.com\/en\/subeler\/gungor-subesi\/\"><i class=\"demo-icon icon-link-ext\"><\/i><\/a><\/p><\/div><\/div><div class=\"tlp-content\"><div class=\"tlp-content-holder\"> <h3><a target=\"_self\" href=\"https:\/\/dutpinar.com\/en\/subeler\/gungor-subesi\/\">Branch G\u00fcng\u00f6r <\/a><\/h3>  <\/div><\/div><\/div><\/div><div class='tlp-item tlp-single-item tlp-isotope-item tlp-col-md-4 tlp-col-sm-6 tlp-col-xs-12  malatya'><div class=\"tlp-portfolio-item\"><div class=\"tlp-portfolio-thum tlp-item\"><img fetchpriority=\"high\" decoding=\"async\" width=\"1500\" height=\"1000\" src=\"https:\/\/dutpinar.com\/wp-content\/uploads\/2025\/09\/45746546678.jpg\" class=\"img-responsive\" alt=\"\" \/><div class=\"tlp-overlay\"><p class=\"link-icon\"><a target=\"_self\" href=\"https:\/\/dutpinar.com\/en\/subeler\/yakinca-subesi\/\"><i class=\"demo-icon icon-link-ext\"><\/i><\/a><\/p><\/div><\/div><div class=\"tlp-content\"><div class=\"tlp-content-holder\"> <h3><a target=\"_self\" href=\"https:\/\/dutpinar.com\/en\/subeler\/yakinca-subesi\/\">Branch Closely <\/a><\/h3>  <\/div><\/div><\/div><\/div> <\/div><\/div><\/div>\t\t\t\t<\/div>\n\t\t\t\t<\/div>\n\t\t\t\t\t<\/div>\n\t\t\t\t<\/div>\n\t\t\t\t<\/div>","protected":false},"excerpt":{"rendered":"<p>T\u00fcm \u015eubelerMalatya Temelli \u015eubesi Fahrikayahan \u015eubesi Bostanba\u015f\u0131 \u015eubesi<\/p>","protected":false},"author":1,"featured_media":0,"parent":0,"menu_order":0,"comment_status":"closed","ping_status":"closed","template":"template-builder.php","meta":{"pgc_sgb_lightbox_settings":"","_joinchat":[],"footnotes":""},"class_list":["post-3397","page","type-page","status-publish","hentry"],"_links":{"self":[{"href":"https:\/\/dutpinar.com\/en\/wp-json\/wp\/v2\/pages\/3397","targetHints":{"allow":["GET"]}}],"collection":[{"href":"https:\/\/dutpinar.com\/en\/wp-json\/wp\/v2\/pages"}],"about":[{"href":"https:\/\/dutpinar.com\/en\/wp-json\/wp\/v2\/types\/page"}],"author":[{"embeddable":true,"href":"https:\/\/dutpinar.com\/en\/wp-json\/wp\/v2\/users\/1"}],"replies":[{"embeddable":true,"href":"https:\/\/dutpinar.com\/en\/wp-json\/wp\/v2\/comments?post=3397"}],"version-history":[{"count":19,"href":"https:\/\/dutpinar.com\/en\/wp-json\/wp\/v2\/pages\/3397\/revisions"}],"predecessor-version":[{"id":3514,"href":"https:\/\/dutpinar.com\/en\/wp-json\/wp\/v2\/pages\/3397\/revisions\/3514"}],"wp:attachment":[{"href":"https:\/\/dutpinar.com\/en\/wp-json\/wp\/v2\/media?parent=3397"}],"curies":[{"name":"wp","href":"https:\/\/api.w.org\/{rel}","templated":true}]}}