{"id":2659,"date":"2024-01-06T17:27:51","date_gmt":"2024-01-06T17:27:51","guid":{"rendered":"https:\/\/wordpress.validthemes.net\/agrica\/?page_id=2659"},"modified":"2025-08-30T22:18:38","modified_gmt":"2025-08-30T19:18:38","slug":"hakkimizda","status":"publish","type":"page","link":"https:\/\/dutpinar.com\/en\/hakkimizda\/","title":{"rendered":"About us"},"content":{"rendered":"<div data-elementor-type=\"wp-page\" data-elementor-id=\"2659\" class=\"elementor elementor-2659\" data-elementor-post-type=\"page\">\n\t\t\t\t<div class=\"elementor-element elementor-element-1b23040 e-con-full e-flex e-con e-parent\" data-id=\"1b23040\" data-element_type=\"container\">\n\t\t\t\t<div class=\"elementor-element elementor-element-52ef5b9 elementor-widget elementor-widget-agricaaboutus\" data-id=\"52ef5b9\" data-element_type=\"widget\" data-widget_type=\"agricaaboutus.default\">\n\t\t\t\t<div class=\"elementor-widget-container\">\n\t\t\t\t\t<div class=\"about-style-one-area default-padding overflow-hidden\"><div class=\"container\"><div class=\"row align-center\"><div class=\"col-xl-6 col-lg-5\"><div class=\"about-style-one-thumb\"><img decoding=\"async\" src=\"https:\/\/dutpinar.com\/wp-content\/uploads\/2025\/08\/454635456789.jpg\" alt=\"Dutp\u0131nar\"  \/><div class=\"animation-shape\"><img decoding=\"async\" src=\"https:\/\/wordpress.validthemes.net\/agrica\/wp-content\/uploads\/2024\/01\/1.png\" alt=\"Dutp\u0131nar\"  \/><\/div><\/div><\/div><div class=\"col-xl-5 offset-xl-1 col-lg-6 offset-lg-1\"><div class=\"about-style-one-info\"><h2 class=\"vt-title title\">About us<\/h2><p class=\"vt-desc\">Dutpinar Food, the most valuable nutrients that nature has to offer us, healthy and reliable production in Malatya was founded in 2005 with a new approach in order to move your table. To introduce modern production technologies with traditional delicacies from the first day we were founded, our regional values markalastirmay we made it our mission to present on a national scale and it's always a better one.<\/p><div class=\"fun-fact-style-flex mt-35\"><div class=\"counter\"><div class=\"timer\" data-to=\"25\" data-speed=\"2000\">25<\/div><div class=\"operator\">M<\/div><\/div><span class=\"medium\">Annual Production <br>Capacity<\/span><\/div><ul class=\"top-feature\"><li><div class=\"icon\"><img decoding=\"async\" src=\"https:\/\/wordpress.validthemes.net\/agrica\/wp-content\/uploads\/2024\/01\/3.png\" alt=\"Dutp\u0131nar\"  \/><\/div><div class=\"info\"><h4 class=\"vt-f-title\">100 rtified Organic Production<\/h4><p class=\"vt-f-text\">All of our products are pure, is produced in accordance with International Food Standards; spontaneity, trust, and guarantees the pure taste.<\/p><\/div><\/li><li><div class=\"icon\"><img decoding=\"async\" src=\"https:\/\/wordpress.validthemes.net\/agrica\/wp-content\/uploads\/2024\/01\/2-1.png\" alt=\"Dutp\u0131nar\"  \/><\/div><div class=\"info\"><h4 class=\"vt-f-title\">Superior quality milk and meat products<\/h4><p class=\"vt-f-text\">Milk and milk products, meat and all of our products are produced in our own farms and traditional specialties with care in our facilities; it is the freshness and flavor is preserved.<\/p><\/div><\/li><\/ul><\/div><\/div><\/div><\/div><\/div>\t\t\t\t<\/div>\n\t\t\t\t<\/div>\n\t\t\t\t<\/div>\n\t\t<div class=\"elementor-element elementor-element-c62444c e-con-full e-flex e-con e-parent\" data-id=\"c62444c\" data-element_type=\"container\" data-settings=\"{&quot;background_background&quot;:&quot;classic&quot;}\">\n\t\t\t\t<div class=\"elementor-element elementor-element-51acf24 elementor-widget elementor-widget-agricahistory\" data-id=\"51acf24\" data-element_type=\"widget\" data-widget_type=\"agricahistory.default\">\n\t\t\t\t<div class=\"elementor-widget-container\">\n\t\t\t\t\t<div class=\"timeline-area default-padding\"><div class=\"container\"><div class=\"row\"><div class=\"col-lg-8 offset-lg-2\"><div class=\"site-heading\"><h2 class=\"title vt-f-title\">Since 2005 from tradition to the future<\/h2> <div class=\"row\"><div class=\"col-xl-10 offset-xl-2\"><p class=\"vt-f-text desc-selector\">For nearly twenty years, brings the traditional flavors dutpinar modern production standards. Quality, safety and sustainability principles of the purest products we carry in our nature to your table.<\/p><\/div><\/div> <\/div><\/div><\/div><div class=\"row\"><div class=\"col-lg-12\"><div class=\"timeline-items\"><!-- Single Item --> <div class=\"timeline-item\"><h2 class=\"vt-year\">2005<\/h2> <h4 class=\"vt-title\">The first step in the process of organization and corporate<\/h4><\/div><!-- Single Item --> <div class=\"timeline-item\"><h2 class=\"vt-year\">2010<\/h2> <h4 class=\"vt-title\">Expansion Of The Product Range<\/h4><\/div><!-- Single Item --> <div class=\"timeline-item\"><h2 class=\"vt-year\">2015<\/h2> <h4 class=\"vt-title\">Strategic Expansion Of The Product Line<\/h4><\/div><!-- Single Item --> <div class=\"timeline-item\"><h2 class=\"vt-year\">2023<\/h2> <h4 class=\"vt-title\">Regional Power Of National Brands<\/h4><\/div><\/div><\/div><\/div><\/div><\/div>\t\t\t\t<\/div>\n\t\t\t\t<\/div>\n\t\t\t\t<\/div>\n\t\t<div class=\"elementor-element elementor-element-9c20e6f e-con-full e-flex e-con e-parent\" data-id=\"9c20e6f\" data-element_type=\"container\" data-settings=\"{&quot;background_background&quot;:&quot;classic&quot;}\">\n\t\t\t\t<div class=\"elementor-element elementor-element-9fbeef5 elementor-widget elementor-widget-agricawhychoseus\" data-id=\"9fbeef5\" data-element_type=\"widget\" data-widget_type=\"agricawhychoseus.default\">\n\t\t\t\t<div class=\"elementor-widget-container\">\n\t\t\t\t\t<div class=\"choose-us-style-three-area  text-light\"><div class=\"illustration-bottom\"><img decoding=\"async\" src=\"https:\/\/dutpinar.com\/wp-content\/uploads\/2025\/08\/4456476768.png\" alt=\"Dutp\u0131nar\"  \/><\/div><div class=\"shape\" style=\"background-image: url(https:\/\/dutpinar.com\/wp-content\/uploads\/2025\/08\/4356577890.jpg);\"><\/div><div class=\"container\"><div class=\"row\"><div class=\"col-lg-6 offset-lg-6 pl-60 pl-md-15 pl-xs-15\"><h2 class=\"title vt-f-title\">Nature Table From Healthy Journey<\/h2><p class=\"vt-f-text desc-selector\">Dutpinar food as the most valuable nutrients that nature has to offer by working with modern production technologies to take to reach your table. Hygiene at every stage of our production process, quality and sustainability by adhering to the principles of both regional and national scale are moving towards being a reliable brand.<\/p><div class=\"list-grid\"><div class=\"achivement-content\"><div class=\"item\"><div class=\"progressbar\"><div class=\"circle\" data-percent=\"100\"><strong><\/strong><\/div><\/div><h4 class=\"vt-c-title\">Production of natural and unadulterated<\/h4><\/div><\/div><ul class=\"list-item\"><li>Pure and natural milk products<\/li><li>Traditional yogurt and cheeses<\/li><li>Certified Organic Production<\/li><\/ul><\/div> <\/div><\/div><\/div><\/div>\t\t\t\t<\/div>\n\t\t\t\t<\/div>\n\t\t\t\t<\/div>\n\t\t<div class=\"elementor-element elementor-element-d192bc9 e-con-full e-flex e-con e-parent\" data-id=\"d192bc9\" data-element_type=\"container\" data-settings=\"{&quot;background_background&quot;:&quot;classic&quot;}\">\n\t\t\t\t<div class=\"elementor-element elementor-element-fac717e elementor-widget elementor-widget-html\" data-id=\"fac717e\" data-element_type=\"widget\" data-widget_type=\"html.default\">\n\t\t\t\t\t<div class=\"container\">\r\n    <!-- Giri\u015f -->\r\n    <div class=\"row mb-5\">\r\n      <div class=\"col-lg-12\">\r\n        <h2 class=\"fw-bold mb-3\">About us<\/h2>\r\n        <p class=\"lead\">\r\n          Who set foot in the industry with the production of molasses initially, our company expands its range of products in a short time milk and milk products, meat and meat products, agriculture and livestock activities with wet and dry fruits has acquired types. Dutpinar today, large production capacity and strong supply infrastructure Turkey's leading food companies, is a reliable partner.\r\n        <\/p>\r\n        <p>\r\n          Grapes, mulberries, carob, dates, apricots and many natural molasses Daily Variety, such as samphire \r\n          <strong>Production capacity up to 16 tons<\/strong> it is not the only supplier offering with the role of dutpinar; at the same time the industry in quality, reliability, and embraces the principles of sustainability with the identity of a brand which stands out.\r\n        <\/p>\r\n      <\/div>\r\n    <\/div>\r\n\r\n    <!-- \u00c7iftlikler ve \u00dcretim G\u00fcc\u00fc -->\r\n    <div class=\"row mb-5\">\r\n      <div class=\"col-lg-12\">\r\n        <h3 class=\"fw-bold mb-3\">Our farms and our power production<\/h3>\r\n      <\/div>\r\n      <div class=\"col-md-6 mb-4\">\r\n        <div class=\"p-4 bg-white h-100 shadow-sm rounded\">\r\n          <h5 class=\"fw-bold\">The Dairy Farm Sagmallik 600<\/h5>\r\n          <p class=\"mb-0\">2,000-head capacity feedlot animal husbandry in the region, we are taking a leading role in.<\/p>\r\n        <\/div>\r\n      <\/div>\r\n      <div class=\"col-md-6 mb-4\">\r\n        <div class=\"p-4 bg-white h-100 shadow-sm rounded\">\r\n          <h5 class=\"fw-bold\">Documents and Permissions<\/h5>\r\n          <p class=\"mb-0\">\r\n            In our region <strong>\u201cThe Institutes\u201dCertificate Of<\/strong> first we need to the dairy farm in the field. Also permit the sale of raw milk we are the only company in.\r\n          <\/p>\r\n        <\/div>\r\n      <\/div>\r\n      <div class=\"col-md-12\">\r\n        <div class=\"p-4 bg-white shadow-sm rounded\">\r\n          <h5 class=\"fw-bold\">Local Sales Network<\/h5>\r\n          <p class=\"mb-0\">\r\n            Our modern facilities we produce the milk of our city at the point of sale and direct eleven different we deliver to our people. In our unit we grow our own farm animals from meat processing brand value by producing traditional delicacies like bacon and sausage meat Malatya we aim to raise.\r\n          <\/p>\r\n        <\/div>\r\n      <\/div>\r\n    <\/div>\r\n\r\n    <!-- \u00dcretim Anlay\u0131\u015f\u0131 -->\r\n    <div class=\"row\">\r\n      <div class=\"col-lg-12\">\r\n        <h3 class=\"fw-bold mb-3\">Our Understanding Of Production<\/h3>\r\n        <p>\r\n          Dutpinar food production is not only a process, it is also a responsibility. We;\r\n        <\/p>\r\n        <ul class=\"list-unstyled\">\r\n          <li class=\"mb-2\">\u2705 Hygiene, we apply the principles of food safety and transparency without compromise.<\/li>\r\n          <li class=\"mb-2\">\u2705 You can visit our manufacturing facility anytime.<\/li>\r\n          <li class=\"mb-2\">\u2705 We do not use additives in products such as yogurt, yeast, traditional methods we offer.<\/li>\r\n          <li class=\"mb-2\">\u2705 We use our all natural cheese varieties sirdan's yeast.<\/li>\r\n        <\/ul>\r\n        <p class=\"fw-semibold mt-3\">\r\n          We believe that <strong>a healthy society with healthy foods<\/strong> it is possible. It's not only your table with this awareness of the product; confidence, health, and the quality we carry.\r\n        <\/p>\r\n      <\/div>\r\n    <\/div>\r\n  <\/div>\t\t\t\t<\/div>\n\t\t\t\t<\/div>\n\t\t\t\t<\/div>","protected":false},"excerpt":{"rendered":"<p>Hakk\u0131m\u0131zda Dutp\u0131nar G\u0131da, do\u011fan\u0131n bize sundu\u011fu en de\u011ferli besinleri, sa\u011fl\u0131kl\u0131 ve g\u00fcvenilir \u00fcretim anlay\u0131\u015f\u0131yla sofralar\u0131n\u0131za ta\u015f\u0131mak amac\u0131yla 2005 y\u0131l\u0131nda Malatya\u2019da kurulmu\u015ftur. Kuruldu\u011fumuz ilk g\u00fcnden itibaren; geleneksel lezzetleri modern \u00fcretim teknolojileriyle bulu\u015fturmay\u0131, b\u00f6lgesel de\u011ferlerimizi ulusal \u00f6l\u00e7ekte markala\u015ft\u0131rmay\u0131 ve her zaman daha iyisini sunmay\u0131 kendimize g\u00f6rev edindik. 25MY\u0131ll\u0131k \u00dcretim Kapasitesi %100 Sertifikal\u0131 Organik \u00dcretim T\u00fcm \u00fcr\u00fcnlerimiz katk\u0131s\u0131z,&#8230;<\/p>","protected":false},"author":1,"featured_media":0,"parent":0,"menu_order":0,"comment_status":"closed","ping_status":"closed","template":"template-builder.php","meta":{"pgc_sgb_lightbox_settings":"","_joinchat":[],"footnotes":""},"class_list":["post-2659","page","type-page","status-publish","hentry"],"_links":{"self":[{"href":"https:\/\/dutpinar.com\/en\/wp-json\/wp\/v2\/pages\/2659","targetHints":{"allow":["GET"]}}],"collection":[{"href":"https:\/\/dutpinar.com\/en\/wp-json\/wp\/v2\/pages"}],"about":[{"href":"https:\/\/dutpinar.com\/en\/wp-json\/wp\/v2\/types\/page"}],"author":[{"embeddable":true,"href":"https:\/\/dutpinar.com\/en\/wp-json\/wp\/v2\/users\/1"}],"replies":[{"embeddable":true,"href":"https:\/\/dutpinar.com\/en\/wp-json\/wp\/v2\/comments?post=2659"}],"version-history":[{"count":44,"href":"https:\/\/dutpinar.com\/en\/wp-json\/wp\/v2\/pages\/2659\/revisions"}],"predecessor-version":[{"id":3193,"href":"https:\/\/dutpinar.com\/en\/wp-json\/wp\/v2\/pages\/2659\/revisions\/3193"}],"wp:attachment":[{"href":"https:\/\/dutpinar.com\/en\/wp-json\/wp\/v2\/media?parent=2659"}],"curies":[{"name":"wp","href":"https:\/\/api.w.org\/{rel}","templated":true}]}}